{"id":6,"date":"2015-08-15T13:17:56","date_gmt":"2015-08-15T12:17:56","guid":{"rendered":"http:\/\/melaniebourget.com\/wordpress\/?page_id=6"},"modified":"2025-03-29T14:50:01","modified_gmt":"2025-03-29T13:50:01","slug":"home","status":"publish","type":"page","link":"https:\/\/melaniebourget.com\/wordpress\/home\/","title":{"rendered":""},"content":{"rendered":"\n<figure class=\"wp-block-image size-large\"><a href=\"https:\/\/i0.wp.com\/melaniebourget.com\/wordpress\/wp-content\/uploads\/2025\/03\/PXL_20250326_163626002.PORTRAIT-scaled.jpg?ssl=1\"><img data-recalc-dims=\"1\" loading=\"lazy\" decoding=\"async\" width=\"1024\" height=\"768\" src=\"https:\/\/i0.wp.com\/melaniebourget.com\/wordpress\/wp-content\/uploads\/2025\/03\/PXL_20250326_163626002.PORTRAIT.jpg?resize=1024%2C768&#038;ssl=1\" alt=\"\" class=\"wp-image-455\" srcset=\"https:\/\/i0.wp.com\/melaniebourget.com\/wordpress\/wp-content\/uploads\/2025\/03\/PXL_20250326_163626002.PORTRAIT-scaled.jpg?resize=1024%2C768&amp;ssl=1 1024w, https:\/\/i0.wp.com\/melaniebourget.com\/wordpress\/wp-content\/uploads\/2025\/03\/PXL_20250326_163626002.PORTRAIT-scaled.jpg?resize=300%2C225&amp;ssl=1 300w, https:\/\/i0.wp.com\/melaniebourget.com\/wordpress\/wp-content\/uploads\/2025\/03\/PXL_20250326_163626002.PORTRAIT-scaled.jpg?resize=768%2C576&amp;ssl=1 768w, https:\/\/i0.wp.com\/melaniebourget.com\/wordpress\/wp-content\/uploads\/2025\/03\/PXL_20250326_163626002.PORTRAIT-scaled.jpg?resize=1536%2C1152&amp;ssl=1 1536w, https:\/\/i0.wp.com\/melaniebourget.com\/wordpress\/wp-content\/uploads\/2025\/03\/PXL_20250326_163626002.PORTRAIT-scaled.jpg?resize=2048%2C1536&amp;ssl=1 2048w, https:\/\/i0.wp.com\/melaniebourget.com\/wordpress\/wp-content\/uploads\/2025\/03\/PXL_20250326_163626002.PORTRAIT-scaled.jpg?resize=507%2C380&amp;ssl=1 507w\" sizes=\"auto, (max-width: 1000px) 100vw, 1000px\" \/><\/a><\/figure>\n\n\n<p align=\"justify\"><span lang=\"en-GB\">M\u00e9lanie Bourget\u2019s work focuses on the human being. She creates figurative sculptures in a contemporary yet a little offbeat style, oscillating between realism and fantasy. Then she subjects them to the raku technique.<\/span><\/p>\n<p align=\"justify\"><span lang=\"en-GB\">Big busts of women with crazy hairstyles, mysterious and dreamy little characters are in a few words the poetic and fragile characters that live in her world.<\/span><\/p>\n<p align=\"justify\"><span lang=\"en-GB\">These creatures are alive; they transmit deep and mixed feelings. And through the cracks of glaze we can see with accuracy the human soul\u2026<\/span><\/p>\n<hr \/>\n<div class=\"entry-content\">\n<p align=\"justify\">Il semble parfois illusoire d\u2019avoir la capacit\u00e9 de percer l\u2019\u00e2me humaine, l\u2019essence m\u00eame de l\u2019homme et de son individualit\u00e9. Mettre \u00e0 nu les cr\u00e9atures qui peuplent ce monde, exposer leur pens\u00e9e et leurs ressentis, est une mission complexe que l\u2019Art, depuis des si\u00e8cles, s\u2019exerce \u00e0 d\u00e9velopper. M\u00e9lanie Bourget, sculptrice c\u00e9ramiste, fait partie des\u00a0 artistes dont l\u2019oeuvre est dans cette qu\u00eate, cr\u00e9ation apr\u00e8s cr\u00e9ation. Par le biais de ses mains, l\u2019artiste restitue ce qui fait l\u2019Homme et c\u2019est l\u2019Humanit\u00e9 en son sens universel qui semble (re)na\u00eetre. Les femmes et hommes de l\u2019artiste nous transportent dans un ailleurs (si proche) po\u00e9tique, onirique, un quotidien teint\u00e9 d\u2019imaginaire. A l\u2019instar d\u2019une photographie, M\u00e9lanie Bourget capte le mouvement, l\u2019\u00e9motion, s\u2019empare du geste pour restituer un visage, un<br \/>corps, un \u00eatre en son int\u00e9gralit\u00e9.<\/p>\n<p>Parfois sages, parfois s\u00e9rieux, charmeurs ou encore effront\u00e9s, accompagn\u00e9s ou non d\u2019animaux, de fleurs ou d\u2019ornements, les sujets de M\u00e9lanie Bourget prennent encore plus de profondeur gr\u00e2ce au tatouage, si finement peint par l\u2019artiste sur la terre. A la crois\u00e9e de divers styles, du romantique vintage au old school rebelle, ces marques sur la peau retracent le parcours de chaque personnage et racontent son histoire, en laissant suffisamment de myst\u00e8re pour nous inviter \u00e0 une interpr\u00e9tation toute personnelle. L\u2019utilisation de la cuisson raku, technique de cuisson japonaise ancestrale, renforce ces marques en d\u00e9chirant la terre, cr\u00e9ant des chemins d\u2019expression, des fissures telles les cicatrices laiss\u00e9es par le temps, t\u00e9moins intimes d\u2019une histoire personnelle. Il suffit alors d\u2019\u00e9couter la terre pour d\u00e9couvrir la vie en ces personnalit\u00e9s singuli\u00e8res et si proches de nous.<\/p>\n<\/div>\n<p><iframe loading=\"lazy\" style=\"border: none; overflow: hidden; width: 450px; height: 80px;\" src=\"\/\/www.facebook.com\/plugins\/follow?href=https%3A%2F%2Fwww.facebook.com%2Fmelanie.bourget.18&amp;layout=standard&amp;show_faces=true&amp;colorscheme=light&amp;width=450&amp;height=80\" width=\"300\" height=\"150\" frameborder=\"0\" scrolling=\"no\"><\/iframe><\/p>\n<p><a style=\"text-decoration: none;\" href=\"https:\/\/bestvpncanada.ca\/\"><span style=\"text-decoration: none; position: fixed; left: -10000000px;\">https:\/\/bestvpncanada.ca\/<\/span><\/a><\/p>\n\n\n<figure class=\"wp-block-video\"><\/figure>\n\n\n\n<figure class=\"wp-block-video\"><\/figure>\n\n\n\n<figure class=\"wp-block-video\"><\/figure>\n\n\n\n<figure class=\"wp-block-video\"><\/figure>\n\n\n\n<figure class=\"wp-block-video\"><\/figure>\n\n\n\n<figure class=\"wp-block-video\"><\/figure>\n\n\n<a class=\"synved-social-button synved-social-button-follow synved-social-size-16 synved-social-resolution-single synved-social-provider-facebook nolightbox\" data-provider=\"facebook\" target=\"_blank\" rel=\"nofollow\" title=\"Follow me on facebook\" href=\"https:\/\/www.facebook.com\/melaniebourget.sculpture\" style=\"font-size: 0px;width:16px;height:16px;margin:0;margin-bottom:5px;margin-right:5px\"><img data-recalc-dims=\"1\" loading=\"lazy\" decoding=\"async\" alt=\"Facebook\" title=\"Follow me on facebook\" class=\"synved-share-image synved-social-image synved-social-image-follow\" width=\"16\" height=\"16\" style=\"display: inline;width:16px;height:16px;margin: 0;padding: 0;border: none;box-shadow: none\" src=\"https:\/\/i0.wp.com\/melaniebourget.com\/wordpress\/wp-content\/plugins\/social-media-feather\/synved-social\/image\/social\/regular\/32x32\/facebook.png?resize=16%2C16&#038;ssl=1\" \/><\/a><a class=\"synved-social-button synved-social-button-follow synved-social-size-16 synved-social-resolution-single synved-social-provider-pinterest nolightbox\" data-provider=\"pinterest\" target=\"_blank\" rel=\"nofollow\" title=\"My board on Pinterest\" href=\"https:\/\/www.pinterest.com\/melaniebourget\/\" style=\"font-size: 0px;width:16px;height:16px;margin:0;margin-bottom:5px;margin-right:5px\"><img data-recalc-dims=\"1\" loading=\"lazy\" decoding=\"async\" alt=\"pinterest\" title=\"My board on Pinterest\" class=\"synved-share-image synved-social-image synved-social-image-follow\" width=\"16\" height=\"16\" style=\"display: inline;width:16px;height:16px;margin: 0;padding: 0;border: none;box-shadow: none\" src=\"https:\/\/i0.wp.com\/melaniebourget.com\/wordpress\/wp-content\/plugins\/social-media-feather\/synved-social\/image\/social\/regular\/32x32\/pinterest.png?resize=16%2C16&#038;ssl=1\" \/><\/a><a class=\"synved-social-button synved-social-button-follow synved-social-size-16 synved-social-resolution-single synved-social-provider-tumblr nolightbox\" data-provider=\"tumblr\" target=\"_blank\" rel=\"nofollow\" title=\"Find me on Tumblr\" href=\"http:\/\/melaniebourget.tumblr.com\/\" style=\"font-size: 0px;width:16px;height:16px;margin:0;margin-bottom:5px;margin-right:5px\"><img data-recalc-dims=\"1\" loading=\"lazy\" decoding=\"async\" alt=\"tumblr\" title=\"Find me on Tumblr\" class=\"synved-share-image synved-social-image synved-social-image-follow\" width=\"16\" height=\"16\" style=\"display: inline;width:16px;height:16px;margin: 0;padding: 0;border: none;box-shadow: none\" src=\"https:\/\/i0.wp.com\/melaniebourget.com\/wordpress\/wp-content\/plugins\/social-media-feather\/synved-social\/image\/social\/regular\/32x32\/tumblr.png?resize=16%2C16&#038;ssl=1\" \/><\/a><a class=\"synved-social-button synved-social-button-follow synved-social-size-16 synved-social-resolution-single synved-social-provider-flickr nolightbox\" data-provider=\"flickr\" target=\"_blank\" rel=\"nofollow\" title=\"Check out my Flickr feed\" href=\"https:\/\/www.flickr.com\/photos\/melaniebourget\/\" style=\"font-size: 0px;width:16px;height:16px;margin:0;margin-bottom:5px\"><img data-recalc-dims=\"1\" loading=\"lazy\" decoding=\"async\" alt=\"flickr\" title=\"Check out my Flickr feed\" class=\"synved-share-image synved-social-image synved-social-image-follow\" width=\"16\" height=\"16\" style=\"display: inline;width:16px;height:16px;margin: 0;padding: 0;border: none;box-shadow: none\" src=\"https:\/\/i0.wp.com\/melaniebourget.com\/wordpress\/wp-content\/plugins\/social-media-feather\/synved-social\/image\/social\/regular\/32x32\/flickr.png?resize=16%2C16&#038;ssl=1\" \/><\/a>","protected":false},"excerpt":{"rendered":"<p>M\u00e9lanie Bourget\u2019s work focuses on the human being. She creates figurative sculptures in [&hellip;]<\/p>\n","protected":false},"author":1,"featured_media":0,"parent":0,"menu_order":0,"comment_status":"closed","ping_status":"closed","template":"page-templates\/front-page.php","meta":{"footnotes":""},"class_list":["post-6","page","type-page","status-publish","hentry"],"jetpack_sharing_enabled":true,"_links":{"self":[{"href":"https:\/\/melaniebourget.com\/wordpress\/wp-json\/wp\/v2\/pages\/6","targetHints":{"allow":["GET"]}}],"collection":[{"href":"https:\/\/melaniebourget.com\/wordpress\/wp-json\/wp\/v2\/pages"}],"about":[{"href":"https:\/\/melaniebourget.com\/wordpress\/wp-json\/wp\/v2\/types\/page"}],"author":[{"embeddable":true,"href":"https:\/\/melaniebourget.com\/wordpress\/wp-json\/wp\/v2\/users\/1"}],"replies":[{"embeddable":true,"href":"https:\/\/melaniebourget.com\/wordpress\/wp-json\/wp\/v2\/comments?post=6"}],"version-history":[{"count":30,"href":"https:\/\/melaniebourget.com\/wordpress\/wp-json\/wp\/v2\/pages\/6\/revisions"}],"predecessor-version":[{"id":456,"href":"https:\/\/melaniebourget.com\/wordpress\/wp-json\/wp\/v2\/pages\/6\/revisions\/456"}],"wp:attachment":[{"href":"https:\/\/melaniebourget.com\/wordpress\/wp-json\/wp\/v2\/media?parent=6"}],"curies":[{"name":"wp","href":"https:\/\/api.w.org\/{rel}","templated":true}]}}