{"id":464,"date":"2025-11-04T09:12:26","date_gmt":"2025-11-04T08:12:26","guid":{"rendered":"https:\/\/melaniebourget.com\/wordpress\/silverstorm\/"},"modified":"2025-11-04T10:00:34","modified_gmt":"2025-11-04T09:00:34","slug":"silverstorm","status":"publish","type":"page","link":"https:\/\/melaniebourget.com\/wordpress\/","title":{"rendered":"Front Page"},"content":{"rendered":"<div data-colibri-id=\"464-c1\" class=\"style-180 style-local-464-c1 position-relative\">\n  <!---->\n  <div data-colibri-component=\"section\" data-colibri-id=\"464-c2\" id=\"about\" class=\"h-section h-section-global-spacing d-flex align-items-lg-center align-items-md-center align-items-center style-181 style-local-464-c2 position-relative\">\n    <!---->\n    <!---->\n    <div class=\"h-section-grid-container h-section-boxed-container\">\n      <!---->\n      <div data-colibri-id=\"464-c3\" class=\"h-row-container gutters-row-lg-0 gutters-row-md-0 gutters-row-0 gutters-row-v-lg-0 gutters-row-v-md-0 gutters-row-v-0 style-182 style-local-464-c3 position-relative\">\n        <!---->\n        <div class=\"h-row justify-content-lg-center justify-content-md-center justify-content-center align-items-lg-stretch align-items-md-stretch align-items-stretch gutters-col-lg-0 gutters-col-md-0 gutters-col-0 gutters-col-v-lg-0 gutters-col-v-md-0 gutters-col-v-0\">\n          <!---->\n          <div class=\"h-column h-column-container d-flex h-col-lg-auto h-col-md-auto h-col-auto style-183-outer style-local-464-c4-outer\">\n            <div data-colibri-id=\"464-c4\" class=\"d-flex h-flex-basis h-column__inner h-px-lg-0 h-px-md-0 h-px-0 v-inner-lg-0 v-inner-md-0 v-inner-0 style-183 style-local-464-c4 position-relative\">\n              <!---->\n              <!---->\n              <div class=\"w-100 h-y-container h-column__content h-column__v-align flex-basis-100 align-self-lg-start align-self-md-start align-self-start\">\n                <!---->\n                <div data-colibri-id=\"464-c6\" class=\"h-global-transition-all h-heading style-185 style-local-464-c6 position-relative h-element\">\n                  <!---->\n                  <div class=\"h-heading__outer style-185 style-local-464-c6\">\n                    <!---->\n                    <!---->\n                    <h2 class=\"\">M\u00e9lanie Bourget\u2019s work focuses on the human being . <\/h2>\n                  <\/div>\n                <\/div>\n                <div data-colibri-id=\"464-c7\" class=\"h-text h-text-component style-186 style-local-464-c7 position-relative h-element\">\n                  <!---->\n                  <!---->\n                  <div class=\"\">\n                    <p>She creates figurative sculptures, busts and expressive faces in a contemporary offbeat style, outsoder pop art, oscillating between realism and fantasy. Then she subjects them to the raku technique.<\/p>\n                    <p>Big busts of women with crazy hairstyles, mysterious and dreamy characters are in a few words the poetic and fragile characters that live in her world.<\/p>\n                    <p>These creatures are alive; they transmit deep and mixed feelings. And through the cracks of glaze we can see with accuracy the human soul\u2026<\/p>\n                    <p>\n                      <br>\n                    <\/p>\n                  <\/div>\n                <\/div>\n              <\/div>\n            <\/div>\n          <\/div>\n          <div class=\"h-column h-column-container d-flex h-col-lg-auto h-col-md-auto h-col-auto style-187-outer style-local-464-c8-outer\">\n            <div data-colibri-id=\"464-c8\" class=\"d-flex h-flex-basis h-column__inner h-ui-empty-state-container h-px-lg-2 h-px-md-2 h-px-2 v-inner-lg-2 v-inner-md-2 v-inner-2 style-187 style-local-464-c8 position-relative\">\n              <!---->\n              <!---->\n              <div class=\"w-100 h-y-container h-column__content h-column__v-align flex-basis-100\">\n                <!---->\n              <\/div>\n            <\/div>\n          <\/div>\n        <\/div>\n      <\/div>\n    <\/div>\n  <\/div>\n  <div data-colibri-component=\"section\" data-colibri-id=\"464-c9\" id=\"about-2\" class=\"h-section h-section-global-spacing d-flex align-items-lg-center align-items-md-center align-items-center style-188 style-local-464-c9 position-relative\">\n    <!---->\n    <!---->\n    <div class=\"h-section-grid-container h-section-boxed-container\">\n      <!---->\n      <div data-colibri-id=\"464-c10\" class=\"h-row-container gutters-row-lg-0 gutters-row-md-0 gutters-row-0 gutters-row-v-lg-0 gutters-row-v-md-0 gutters-row-v-0 style-189 style-local-464-c10 position-relative\">\n        <!---->\n        <div class=\"h-row justify-content-lg-center justify-content-md-center justify-content-center align-items-lg-stretch align-items-md-stretch align-items-stretch gutters-col-lg-0 gutters-col-md-0 gutters-col-0 gutters-col-v-lg-0 gutters-col-v-md-0 gutters-col-v-0\">\n          <!---->\n          <div class=\"h-column h-column-container d-flex h-col-lg-auto h-col-md-auto h-col-auto style-190-outer style-local-464-c11-outer\">\n            <div data-colibri-id=\"464-c11\" class=\"d-flex h-flex-basis h-column__inner h-ui-empty-state-container h-px-lg-0 h-px-md-0 h-px-0 v-inner-lg-0 v-inner-md-0 v-inner-0 style-190 style-local-464-c11 position-relative\">\n              <!---->\n              <!---->\n              <div class=\"w-100 h-y-container h-column__content h-column__v-align flex-basis-100\">\n                <!---->\n              <\/div>\n            <\/div>\n          <\/div>\n          <div class=\"h-column h-column-container d-flex h-col-lg-auto h-col-md-auto h-col-auto style-191-outer style-local-464-c12-outer\">\n            <div data-colibri-id=\"464-c12\" class=\"d-flex h-flex-basis h-column__inner h-px-lg-2 h-px-md-2 h-px-2 v-inner-lg-2 v-inner-md-2 v-inner-2 style-191 style-local-464-c12 position-relative\">\n              <!---->\n              <!---->\n              <div class=\"w-100 h-y-container h-column__content h-column__v-align flex-basis-100 align-self-lg-start align-self-md-start align-self-start\">\n                <!---->\n                <div data-colibri-id=\"464-c15\" class=\"h-text h-text-component style-194 style-local-464-c15 position-relative h-element\">\n                  <!---->\n                  <!---->\n                  <div class=\"\">\n                    <p>Il semble parfois illusoire d\u2019avoir la capacit\u00e9 de percer l\u2019\u00e2me humaine, l\u2019essence m\u00eame de l\u2019homme et de son individualit\u00e9. Mettre \u00e0 nu les cr\u00e9atures qui peuplent ce monde, exposer leur pens\u00e9e et leurs ressentis, est une mission complexe\n                      que l\u2019Art, depuis des si\u00e8cles, s\u2019exerce \u00e0 d\u00e9velopper. M\u00e9lanie Bourget, sculptrice c\u00e9ramiste, fait partie des&nbsp;artistes dont l\u2019oeuvre est dans cette qu\u00eate, cr\u00e9ation apr\u00e8s cr\u00e9ation. Par le biais de ses mains, l\u2019artiste restitue\n                      ce qui fait l\u2019Homme et c\u2019est l\u2019Humanit\u00e9 en son sens universel qui semble (re)na\u00eetre. Les femmes et hommes de l\u2019artiste nous transportent dans un ailleurs (si proche) po\u00e9tique, onirique, un quotidien teint\u00e9 d\u2019imaginaire. A l\u2019instar\n                      d\u2019une photographie, M\u00e9lanie Bourget capte le mouvement, l\u2019\u00e9motion, s\u2019empare du geste pour restituer un visage, un corps, un \u00eatre en son int\u00e9gralit\u00e9.\n                      <br>\n                      <br>Parfois sages, parfois s\u00e9rieux, charmeurs ou encore effront\u00e9s, accompagn\u00e9s ou non d\u2019animaux, de fleurs ou d\u2019ornements, les sujets de M\u00e9lanie Bourget prennent encore plus de profondeur gr\u00e2ce au tatouage, si finement tranpos\u00e9 par l\u2019artiste\n                      sur la terre. A la crois\u00e9e de divers styles, du romantique vintage au old school rebelle, ces marques sur la peau retracent le parcours de chaque personnage et racontent son histoire, en laissant suffisamment de myst\u00e8re pour nous\n                      inviter \u00e0 une interpr\u00e9tation toute personnelle. L\u2019utilisation de la cuisson raku, technique de cuisson japonaise ancestrale, renforce ces marques en d\u00e9chirant la terre, cr\u00e9ant des chemins d\u2019expression, des fissures telles les cicatrices\n                      laiss\u00e9es par le temps, t\u00e9moins intimes d\u2019une histoire personnelle. Il suffit alors d\u2019\u00e9couter la terre pour d\u00e9couvrir la vie en ces personnalit\u00e9s singuli\u00e8res et si proches de nous.<\/p>\n                    <p>Texte de Lucille Fontaine<\/p>\n                    <p>\n                      <br>\n                    <\/p>\n                  <\/div>\n                <\/div>\n              <\/div>\n            <\/div>\n          <\/div>\n        <\/div>\n      <\/div>\n    <\/div>\n  <\/div>\n<\/div><a class=\"synved-social-button synved-social-button-follow synved-social-size-16 synved-social-resolution-single synved-social-provider-facebook nolightbox\" data-provider=\"facebook\" target=\"_blank\" rel=\"nofollow\" title=\"Follow me on facebook\" href=\"https:\/\/www.facebook.com\/melaniebourget.sculpture\" style=\"font-size: 0px;width:16px;height:16px;margin:0;margin-bottom:5px;margin-right:5px\"><img data-recalc-dims=\"1\" loading=\"lazy\" decoding=\"async\" alt=\"Facebook\" title=\"Follow me on facebook\" class=\"synved-share-image synved-social-image synved-social-image-follow\" width=\"16\" height=\"16\" style=\"display: inline;width:16px;height:16px;margin: 0;padding: 0;border: none;box-shadow: none\" src=\"https:\/\/i0.wp.com\/melaniebourget.com\/wordpress\/wp-content\/plugins\/social-media-feather\/synved-social\/image\/social\/regular\/32x32\/facebook.png?resize=16%2C16&#038;ssl=1\" \/><\/a><a class=\"synved-social-button synved-social-button-follow synved-social-size-16 synved-social-resolution-single synved-social-provider-pinterest nolightbox\" data-provider=\"pinterest\" target=\"_blank\" rel=\"nofollow\" title=\"My board on Pinterest\" href=\"https:\/\/www.pinterest.com\/melaniebourget\/\" style=\"font-size: 0px;width:16px;height:16px;margin:0;margin-bottom:5px;margin-right:5px\"><img data-recalc-dims=\"1\" loading=\"lazy\" decoding=\"async\" alt=\"pinterest\" title=\"My board on Pinterest\" class=\"synved-share-image synved-social-image synved-social-image-follow\" width=\"16\" height=\"16\" style=\"display: inline;width:16px;height:16px;margin: 0;padding: 0;border: none;box-shadow: none\" src=\"https:\/\/i0.wp.com\/melaniebourget.com\/wordpress\/wp-content\/plugins\/social-media-feather\/synved-social\/image\/social\/regular\/32x32\/pinterest.png?resize=16%2C16&#038;ssl=1\" \/><\/a><a class=\"synved-social-button synved-social-button-follow synved-social-size-16 synved-social-resolution-single synved-social-provider-tumblr nolightbox\" data-provider=\"tumblr\" target=\"_blank\" rel=\"nofollow\" title=\"Find me on Tumblr\" href=\"http:\/\/melaniebourget.tumblr.com\/\" style=\"font-size: 0px;width:16px;height:16px;margin:0;margin-bottom:5px;margin-right:5px\"><img data-recalc-dims=\"1\" loading=\"lazy\" decoding=\"async\" alt=\"tumblr\" title=\"Find me on Tumblr\" class=\"synved-share-image synved-social-image synved-social-image-follow\" width=\"16\" height=\"16\" style=\"display: inline;width:16px;height:16px;margin: 0;padding: 0;border: none;box-shadow: none\" src=\"https:\/\/i0.wp.com\/melaniebourget.com\/wordpress\/wp-content\/plugins\/social-media-feather\/synved-social\/image\/social\/regular\/32x32\/tumblr.png?resize=16%2C16&#038;ssl=1\" \/><\/a><a class=\"synved-social-button synved-social-button-follow synved-social-size-16 synved-social-resolution-single synved-social-provider-flickr nolightbox\" data-provider=\"flickr\" target=\"_blank\" rel=\"nofollow\" title=\"Check out my Flickr feed\" href=\"https:\/\/www.flickr.com\/photos\/melaniebourget\/\" style=\"font-size: 0px;width:16px;height:16px;margin:0;margin-bottom:5px\"><img data-recalc-dims=\"1\" loading=\"lazy\" decoding=\"async\" alt=\"flickr\" title=\"Check out my Flickr feed\" class=\"synved-share-image synved-social-image synved-social-image-follow\" width=\"16\" height=\"16\" style=\"display: inline;width:16px;height:16px;margin: 0;padding: 0;border: none;box-shadow: none\" src=\"https:\/\/i0.wp.com\/melaniebourget.com\/wordpress\/wp-content\/plugins\/social-media-feather\/synved-social\/image\/social\/regular\/32x32\/flickr.png?resize=16%2C16&#038;ssl=1\" \/><\/a>","protected":false},"excerpt":{"rendered":"<p>M\u00e9lanie Bourget\u2019s work focuses on the human being . She creates figurative sculptures, [&hellip;]<\/p>\n","protected":false},"author":1,"featured_media":0,"parent":0,"menu_order":0,"comment_status":"closed","ping_status":"closed","template":"page-templates\/homepage.php","meta":{"footnotes":""},"class_list":["post-464","page","type-page","status-publish","hentry"],"jetpack_sharing_enabled":true,"_links":{"self":[{"href":"https:\/\/melaniebourget.com\/wordpress\/wp-json\/wp\/v2\/pages\/464","targetHints":{"allow":["GET"]}}],"collection":[{"href":"https:\/\/melaniebourget.com\/wordpress\/wp-json\/wp\/v2\/pages"}],"about":[{"href":"https:\/\/melaniebourget.com\/wordpress\/wp-json\/wp\/v2\/types\/page"}],"author":[{"embeddable":true,"href":"https:\/\/melaniebourget.com\/wordpress\/wp-json\/wp\/v2\/users\/1"}],"replies":[{"embeddable":true,"href":"https:\/\/melaniebourget.com\/wordpress\/wp-json\/wp\/v2\/comments?post=464"}],"version-history":[{"count":2,"href":"https:\/\/melaniebourget.com\/wordpress\/wp-json\/wp\/v2\/pages\/464\/revisions"}],"predecessor-version":[{"id":606,"href":"https:\/\/melaniebourget.com\/wordpress\/wp-json\/wp\/v2\/pages\/464\/revisions\/606"}],"wp:attachment":[{"href":"https:\/\/melaniebourget.com\/wordpress\/wp-json\/wp\/v2\/media?parent=464"}],"curies":[{"name":"wp","href":"https:\/\/api.w.org\/{rel}","templated":true}]}}