{"id":304,"date":"2020-05-21T13:32:36","date_gmt":"2020-05-21T12:32:36","guid":{"rendered":"http:\/\/melaniebourget.com\/wordpress\/?page_id=304"},"modified":"2025-12-29T09:41:21","modified_gmt":"2025-12-29T08:41:21","slug":"shop","status":"publish","type":"page","link":"https:\/\/melaniebourget.com\/wordpress\/shop\/","title":{"rendered":"SHOP \/ BOUTIQUE EN LIGNE"},"content":{"rendered":"<div data-colibri-id=\"304-c1\" class=\"style-195 style-local-304-c1 position-relative\">\n  <!---->\n  <div data-colibri-component=\"section\" data-colibri-id=\"304-c2\" id=\"custom\" class=\"h-section h-section-global-spacing d-flex align-items-lg-center align-items-md-center align-items-center style-201 style-local-304-c2 position-relative\">\n    <!---->\n    <!---->\n    <div class=\"h-section-grid-container h-section-boxed-container\">\n      <!---->\n      <div data-colibri-id=\"304-c3\" class=\"h-row-container gutters-row-lg-2 gutters-row-md-2 gutters-row-0 gutters-row-v-lg-2 gutters-row-v-md-2 gutters-row-v-2 style-209 style-local-304-c3 position-relative\">\n        <!---->\n        <div class=\"h-row justify-content-lg-center justify-content-md-center justify-content-center align-items-lg-stretch align-items-md-stretch align-items-stretch gutters-col-lg-2 gutters-col-md-2 gutters-col-0 gutters-col-v-lg-2 gutters-col-v-md-2 gutters-col-v-2\">\n          <!---->\n          <div class=\"h-column h-column-container d-flex h-col-lg-auto h-col-md-auto h-col-auto style-210-outer style-local-304-c4-outer\">\n            <div data-colibri-id=\"304-c4\" class=\"d-flex h-flex-basis h-column__inner h-px-lg-2 h-px-md-2 h-px-2 v-inner-lg-2 v-inner-md-2 v-inner-2 style-210 style-local-304-c4 position-relative\">\n              <!---->\n              <!---->\n              <div class=\"w-100 h-y-container h-column__content h-column__v-align flex-basis-100 align-self-lg-start align-self-md-start align-self-start\">\n                <!---->\n                <div data-colibri-id=\"304-c5\" class=\"d-block style-205 style-local-304-c5 position-relative h-element\">\n                  <!---->\n                  <div class=\"h-image__frame-container-outer\">\n                    <a href=\"https:\/\/melanie-bourget-sculpture.eproshopping.fr\/\" target=\"_blank\" h-use-smooth-scroll=\"true\" class=\"image-link\" rel=\"noopener\">\n                      <div class=\"h-image__frame-container\">\n                        <!---->\n                        <!---->\n                        <img data-recalc-dims=\"1\" loading=\"lazy\" decoding=\"async\" width=\"1315\" height=\"941\" src=\"https:\/\/i0.wp.com\/melaniebourget.com\/wordpress\/wp-content\/uploads\/2025\/12\/shop.jpg?resize=1315%2C941&#038;ssl=1\" class=\"wp-image-615 style-205-image style-local-304-c5-image\" alt=\"https:\/\/melanie-bourget-sculpture.eproshopping.fr\/\" srcset=\"https:\/\/i0.wp.com\/melaniebourget.com\/wordpress\/wp-content\/uploads\/2025\/12\/shop.jpg?w=1315&amp;ssl=1 1315w, https:\/\/i0.wp.com\/melaniebourget.com\/wordpress\/wp-content\/uploads\/2025\/12\/shop.jpg?resize=300%2C215&amp;ssl=1 300w, https:\/\/i0.wp.com\/melaniebourget.com\/wordpress\/wp-content\/uploads\/2025\/12\/shop.jpg?resize=1024%2C733&amp;ssl=1 1024w, https:\/\/i0.wp.com\/melaniebourget.com\/wordpress\/wp-content\/uploads\/2025\/12\/shop.jpg?resize=768%2C550&amp;ssl=1 768w\" sizes=\"auto, (max-width: 1000px) 100vw, 1000px\" \/>\n                        <div class=\"h-image__frame h-hide-lg h-hide-md h-hide-sm style-205-frameImage style-local-304-c5-frameImage\"><\/div>\n                      <\/div>\n                    <\/a>\n                  <\/div>\n                <\/div>\n              <\/div>\n            <\/div>\n          <\/div>\n          <div class=\"h-column h-column-container d-flex h-col-lg-auto h-col-md-auto h-col-auto style-212-outer style-local-304-c8-outer\">\n            <div data-colibri-id=\"304-c8\" class=\"d-flex h-flex-basis h-column__inner h-px-lg-2 h-px-md-2 h-px-2 v-inner-lg-2 v-inner-md-2 v-inner-2 style-212 style-local-304-c8 position-relative\">\n              <!---->\n              <!---->\n              <div class=\"w-100 h-y-container h-column__content h-column__v-align flex-basis-100 align-self-lg-start align-self-md-start align-self-start\">\n                <!---->\n                <div data-colibri-id=\"304-c9\" class=\"h-text h-text-component style-213 style-local-304-c9 position-relative h-element\">\n                  <!---->\n                  <!---->\n                  <div class=\"\">\n                    <p><strong>Ma boutique en ligne<\/strong>&nbsp;-&gt;&nbsp;\n                      <a href=\"http:\/\/melanie-bourget-sculpture.eproshopping.fr\" target=\"_blank\" rel=\"noreferrer noopener\" style=\"color: rgb(55, 55, 57); font-size: 1em; font-weight: 400; font-family: &quot;Didact Gothic&quot;;\" class=\"customize-unpreviewable\"><strong>melanie-bourget-sculpture.eproshopping.fr<\/strong><\/a>\n                      <br>La boutique est mise \u00e0 jour r\u00e9guli\u00e8rement, d\u00e8s que j\u2019ai des nouveaut\u00e9s!\n                      <br>Chaque pi\u00e8ce est faite \u00e0 la main en c\u00e9ramique avec cuisson raku\n                      <br>par cons\u00e9quent, chaque pi\u00e8ce est unique!\n                      <br>\n                      <br>Photos des pi\u00e8ces disponibles ici :&nbsp;\n                      <a href=\"https:\/\/www.flickr.com\/photos\/melaniebourget\/albums\/72157692319043852\" target=\"_blank\" rel=\"noreferrer noopener\" style=\"color: rgb(55, 55, 57); font-size: 1em; font-weight: 400; font-family: &quot;Didact Gothic&quot;;\" class=\"customize-unpreviewable\">https:\/\/www.flickr.com\/photos\/melaniebourget\/albums\/72157692319043852\/<\/a>\n                    <\/p>\n                    <p><strong>lInk to my online store<\/strong>&nbsp;-&gt;&nbsp;\n                      <a href=\"http:\/\/melanie-bourget-sculpture.eproshopping.fr\" target=\"_blank\" rel=\"noreferrer noopener\" style=\"color: rgb(55, 55, 57); font-size: 1em; font-weight: 400; font-family: &quot;Didact Gothic&quot;;\" class=\"customize-unpreviewable\"><strong>melanie-bourget-sculpture.eproshopping.fr<\/strong><\/a>\n                    <\/p>\n                    <p>The shop is updated regularly, as soon as I have news!\n                      <br>Each piece is handmade in ceramic with raku firing\n                      <br>therefore, each piece is unique!\n                      <br>\n                      <br>Availaibles sculptures here :&nbsp;\n                      <a href=\"https:\/\/www.flickr.com\/photos\/melaniebourget\/albums\/72157692319043852\" target=\"_blank\" rel=\"noreferrer noopener\" style=\"color: rgb(55, 55, 57); font-size: 1em; font-weight: 400; font-family: &quot;Didact Gothic&quot;;\" class=\"customize-unpreviewable\">https:\/\/www.flickr.com\/photos\/melaniebourget\/albums\/72157692319043852\/<\/a>\n                    <\/p>\n                  <\/div>\n                <\/div>\n              <\/div>\n            <\/div>\n          <\/div>\n        <\/div>\n      <\/div>\n    <\/div>\n  <\/div>\n<\/div><a class=\"synved-social-button synved-social-button-follow synved-social-size-16 synved-social-resolution-single synved-social-provider-facebook nolightbox\" data-provider=\"facebook\" target=\"_blank\" rel=\"nofollow\" title=\"Follow me on facebook\" href=\"https:\/\/www.facebook.com\/melaniebourget.sculpture\" style=\"font-size: 0px;width:16px;height:16px;margin:0;margin-bottom:5px;margin-right:5px\"><img data-recalc-dims=\"1\" loading=\"lazy\" decoding=\"async\" alt=\"Facebook\" title=\"Follow me on facebook\" class=\"synved-share-image synved-social-image synved-social-image-follow\" width=\"16\" height=\"16\" style=\"display: inline;width:16px;height:16px;margin: 0;padding: 0;border: none;box-shadow: none\" src=\"https:\/\/i0.wp.com\/melaniebourget.com\/wordpress\/wp-content\/plugins\/social-media-feather\/synved-social\/image\/social\/regular\/32x32\/facebook.png?resize=16%2C16&#038;ssl=1\" \/><\/a><a class=\"synved-social-button synved-social-button-follow synved-social-size-16 synved-social-resolution-single synved-social-provider-pinterest nolightbox\" data-provider=\"pinterest\" target=\"_blank\" rel=\"nofollow\" title=\"My board on Pinterest\" href=\"https:\/\/www.pinterest.com\/melaniebourget\/\" style=\"font-size: 0px;width:16px;height:16px;margin:0;margin-bottom:5px;margin-right:5px\"><img data-recalc-dims=\"1\" loading=\"lazy\" decoding=\"async\" alt=\"pinterest\" title=\"My board on Pinterest\" class=\"synved-share-image synved-social-image synved-social-image-follow\" width=\"16\" height=\"16\" style=\"display: inline;width:16px;height:16px;margin: 0;padding: 0;border: none;box-shadow: none\" src=\"https:\/\/i0.wp.com\/melaniebourget.com\/wordpress\/wp-content\/plugins\/social-media-feather\/synved-social\/image\/social\/regular\/32x32\/pinterest.png?resize=16%2C16&#038;ssl=1\" \/><\/a><a class=\"synved-social-button synved-social-button-follow synved-social-size-16 synved-social-resolution-single synved-social-provider-tumblr nolightbox\" data-provider=\"tumblr\" target=\"_blank\" rel=\"nofollow\" title=\"Find me on Tumblr\" href=\"http:\/\/melaniebourget.tumblr.com\/\" style=\"font-size: 0px;width:16px;height:16px;margin:0;margin-bottom:5px;margin-right:5px\"><img data-recalc-dims=\"1\" loading=\"lazy\" decoding=\"async\" alt=\"tumblr\" title=\"Find me on Tumblr\" class=\"synved-share-image synved-social-image synved-social-image-follow\" width=\"16\" height=\"16\" style=\"display: inline;width:16px;height:16px;margin: 0;padding: 0;border: none;box-shadow: none\" src=\"https:\/\/i0.wp.com\/melaniebourget.com\/wordpress\/wp-content\/plugins\/social-media-feather\/synved-social\/image\/social\/regular\/32x32\/tumblr.png?resize=16%2C16&#038;ssl=1\" \/><\/a><a class=\"synved-social-button synved-social-button-follow synved-social-size-16 synved-social-resolution-single synved-social-provider-flickr nolightbox\" data-provider=\"flickr\" target=\"_blank\" rel=\"nofollow\" title=\"Check out my Flickr feed\" href=\"https:\/\/www.flickr.com\/photos\/melaniebourget\/\" style=\"font-size: 0px;width:16px;height:16px;margin:0;margin-bottom:5px\"><img data-recalc-dims=\"1\" loading=\"lazy\" decoding=\"async\" alt=\"flickr\" title=\"Check out my Flickr feed\" class=\"synved-share-image synved-social-image synved-social-image-follow\" width=\"16\" height=\"16\" style=\"display: inline;width:16px;height:16px;margin: 0;padding: 0;border: none;box-shadow: none\" src=\"https:\/\/i0.wp.com\/melaniebourget.com\/wordpress\/wp-content\/plugins\/social-media-feather\/synved-social\/image\/social\/regular\/32x32\/flickr.png?resize=16%2C16&#038;ssl=1\" \/><\/a>","protected":false},"excerpt":{"rendered":"<p>Ma boutique en ligne&nbsp;-&gt;&nbsp; melanie-bourget-sculpture.eproshopping.fr La boutique est mise \u00e0 jour r\u00e9guli\u00e8rement, d\u00e8s [&hellip;]<\/p>\n","protected":false},"author":1,"featured_media":0,"parent":0,"menu_order":0,"comment_status":"closed","ping_status":"closed","template":"page-templates\/full-width-page.php","meta":{"footnotes":""},"class_list":["post-304","page","type-page","status-publish","hentry"],"jetpack_sharing_enabled":true,"_links":{"self":[{"href":"https:\/\/melaniebourget.com\/wordpress\/wp-json\/wp\/v2\/pages\/304","targetHints":{"allow":["GET"]}}],"collection":[{"href":"https:\/\/melaniebourget.com\/wordpress\/wp-json\/wp\/v2\/pages"}],"about":[{"href":"https:\/\/melaniebourget.com\/wordpress\/wp-json\/wp\/v2\/types\/page"}],"author":[{"embeddable":true,"href":"https:\/\/melaniebourget.com\/wordpress\/wp-json\/wp\/v2\/users\/1"}],"replies":[{"embeddable":true,"href":"https:\/\/melaniebourget.com\/wordpress\/wp-json\/wp\/v2\/comments?post=304"}],"version-history":[{"count":16,"href":"https:\/\/melaniebourget.com\/wordpress\/wp-json\/wp\/v2\/pages\/304\/revisions"}],"predecessor-version":[{"id":643,"href":"https:\/\/melaniebourget.com\/wordpress\/wp-json\/wp\/v2\/pages\/304\/revisions\/643"}],"wp:attachment":[{"href":"https:\/\/melaniebourget.com\/wordpress\/wp-json\/wp\/v2\/media?parent=304"}],"curies":[{"name":"wp","href":"https:\/\/api.w.org\/{rel}","templated":true}]}}