{"id":25,"date":"2015-08-15T19:54:33","date_gmt":"2015-08-15T18:54:33","guid":{"rendered":"http:\/\/melaniebourget.com\/wordpress\/?page_id=25"},"modified":"2025-11-04T09:46:17","modified_gmt":"2025-11-04T08:46:17","slug":"about","status":"publish","type":"page","link":"https:\/\/melaniebourget.com\/wordpress\/about\/","title":{"rendered":"About"},"content":{"rendered":"<div id=\"PAGES_CONTAINER\" data-state=\"\" data-reactid=\".0.$SITE_ROOT.$desktop_siteRoot.$PAGES_CONTAINER\">\n<div id=\"PAGES_CONTAINERcenteredContent\" data-reactid=\".0.$SITE_ROOT.$desktop_siteRoot.$PAGES_CONTAINER.1\">\n<div id=\"PAGES_CONTAINERinlineContent\" data-reactid=\".0.$SITE_ROOT.$desktop_siteRoot.$PAGES_CONTAINER.1.1\">\n<div id=\"SITE_PAGES\" data-reactid=\".0.$SITE_ROOT.$desktop_siteRoot.$PAGES_CONTAINER.1.1.$SITE_PAGES\">\n<div id=\"ck70\" data-reactid=\".0.$SITE_ROOT.$desktop_siteRoot.$PAGES_CONTAINER.1.1.$SITE_PAGES.$ck70\">\n<pre data-reactid=\".0.$SITE_ROOT.$desktop_siteRoot.$PAGES_CONTAINER.1.1.$SITE_PAGES.$ck70.1\">M\u00e9lanie Bourget\n\nBorn in Nantes, France\n\nLives &amp; works in Nantes, FR\n-------------------------------\n\nN\u00e9e en 1973, travaille pr\u00e8s de Nantes en France. \n\nFormation initiale dans une \u00e9cole d'art en section peinture\/ trompe l'oeil\nTravaille dans le milieu de spectacle et des \u00e9v\u00e9nements culturels pendant presque 10 ans\n(th\u00e9\u00e2tre de rue comme \u00ab\u00a0royal de luxe\u00a0\u00bb, spectacle de marionnettes, festival \u00ab\u00a0Les Allum\u00e9es\u00a0\u00bb \u00e0 Nantes..)\n2000 Formation Cnam, infographie\/multim\u00e9dia, Chef de projet webmaster.\n2004 d\u00e9couverte du raku par hasard dans une libraire..\n2008 Formation de potier\/c\u00e9ramiste pour apprendre les techniques d'\u00e9maillage, de cuissons.. et travail autodidacte sur la sculpture.\n2009 Installation dans son premier Atelier de sculpteure c\u00e9ramiste pr\u00e8s de Nantes\n\nExpos\u00e9e partout \u00e0 travers le monde, des Etats-Unis \u00e0 la France, en passant par le Royaume-Uni et l'Europe.\n\n<\/pre>\n<div id=\"i0xv6ps8img\" data-state=\"loaded\" data-reactid=\".0.$SITE_ROOT.$desktop_siteRoot.$PAGES_CONTAINER.1.1.$SITE_PAGES.$ck70.1.$i0xv6ps8.0.0\"><img decoding=\"async\" id=\"i0xv6ps8imgimage\" src=\"http:\/\/static.wixstatic.com\/media\/cf95c0_be94ac9e4d614f39bcfddcde683fdaa2.jpg_srz_p_594_352_75_22_0.50_1.20_0.00_jpg_srz\" alt=\"\" data-reactid=\".0.$SITE_ROOT.$desktop_siteRoot.$PAGES_CONTAINER.1.1.$SITE_PAGES.$ck70.1.$i0xv6ps8.0.0.0\" \/><\/div>\n<pre data-reactid=\".0.$SITE_ROOT.$desktop_siteRoot.$PAGES_CONTAINER.1.1.$SITE_PAGES.$ck70.1\">\n\n\n\n\n\n\n\n\n\n\nGalleries that currently present my work :\n\nGalerie Kellie Miller Art (UK) \u00a0<a href=\"http:\/\/www.kelliemillerarts.com\/melanie-bourget-gallery\/\">www.kelliemillerarts.com<\/a>\n\nEspace d'Art Le Comoedia\u00a0 | 35 Rue du Ch\u00e2teau, Brest (29) | <a href=\"https:\/\/www.artcomoedia.fr\/\">www.artcomoedia.fr<\/a>\n\nExhibitions\n\n<span lang=\"fr-FR\">2024\n\nDistrict 13 Art Fair, foire internationale d'art urbain contemporain , H\u00f4tel Drouot , Paris(75)\nGalerie Kunst-Unter-Uns L\u00f6rrach (Allemagne)<\/span>\n\n\n\n\n2023\n\nKellie Miller Arts, Celebrating 10 Years,Embellish Exhibition, Brighton (UK)\nGalerie Art Comoedia, N\u00e9o-Japonisme, Brest (22)\nHey ! C\u00e9ramique(s) , Exposition Internationale au mus\u00e9e de la Halle Saint-Pierre, Paris (75)\nMister Freeze Next Level, Urban Art Festival, Toulouse (31)\nL'Art est aux Nefs, Nantes (44)\nGalerie Art Comoedia, URBAINES Street Art, Brest (22)\nGalerie Le Triphas\u00e9, dans le cadre du Voyage \u00e0 Nantes, (44)\n\n\n2022\nGalerie Art Comoedia, New pop Art, Brest (22)\nExposition Mister Freeze, Urban Art Festival, Toulouse (31)\nL'Art est aux Nefs, Nantes (44)\nRamp'Art, Flamanville (50)\n\n2021\nPetit panorama de\u00a0c\u00e9ramiques\u00a0contemporaines ,Villeneuve d'Ascq (59)\nSublime, La Briqueterie Saint-Brieuc (35)Journ\u00e9es europ\u00e9enne des m\u00e9tiers d'art, Saint-Nazaire (44)\nExpo New Pop, galerie le Comedia, Brest (29)\nPi\u00e8ce Unique, Rennes (35)\nSalon des m\u00e9tiers d'art de Nantes (44)\nLe petit march\u00e9 de l'art, Galerie le rayon vert, Nantes (44)\n\n2020\nL'art s'invite \u00e0 la Vicomt\u00e9, Dinard (35)\n\n2019\nArts Atlantic, la Rochelle (17)\nL'art est aux Nefs, Nantes (44)\nChateau de Ranrou\u00ebt, Herbignac (44)Minist\u00e8re de l'economie, Bercy (75)\n\n2018\n\nGalerie de l'estuaire, Honfleur (14)\nGalerie La Nef, Monpellier (34)\nGalerie carte Blanche, Royan (17)\nAffordable Art Fair Londres heampstead (UK)\nGalerie regard, Brest (29)\nL'art est aux Nefs, Nantes (44)\nLe triphas\u00e9 , Nantes (44)\nExpo solo galerie du Duc d'Aquitaine, Vouvant (85)\n\n<span lang=\"fr-FR\">2017<\/span>\n\n<span lang=\"fr-FR\">Kellie Miller Art Gallery, Brighton (UK)\n<\/span><span lang=\"fr-FR\">Art Shopping au Carrousel du Louvre, Paris(75)<\/span><span lang=\"fr-FR\">GMAC, place Bastille Paris (75)\n<\/span><span lang=\"fr-FR\">Affordable Art Fair London, Art Platinum (UK)\n<\/span><span lang=\"fr-FR\">Affordable Art Fair Amsterdam, Aperture contemporary art (NL)\n<\/span><span lang=\"fr-FR\">Affordable Art Fair Stockholm, Aperture contemporary art <\/span><span lang=\"fr-FR\">(Su\u00e8de)<\/span>\n\n<span lang=\"fr-FR\">2016<\/span>\n\n<span lang=\"fr-FR\">Kellie Miller Art Gallery, Brighton (UK)\n<\/span><span lang=\"fr-FR\">\u00ab\u00a0Ob'Art\u00a0\u00bb Bordeaux (33)\n<\/span><span lang=\"fr-FR\">Art Boca Raton, Art Paltinum ,U.S.A\n<\/span><span lang=\"fr-FR\">Affordable Art Fair Hong Kong, Art Paltinum\n<\/span><span lang=\"fr-FR\">Affordable Art Fair S\u00e9oul, Art Paltinum\n<\/span><span lang=\"fr-FR\">Affordable Art Fair Bruxelle, Art Paltinum\n<\/span><span lang=\"fr-FR\">\u00ab\u00a0Artistes pour l'espoir\u00a0\u00bb, Rotary club, Chantonnay (85)\n<\/span><span lang=\"fr-FR\">\u00ab\u00a0Attitudes\u00a0\u00bb, exposition OdT Champtoceaux (49)\n<\/span><span lang=\"fr-FR\">Journ\u00e9e Europ\u00e9enne desM\u00e9tiers d'Art, Abbaye de Lehon (35)\n<\/span><span lang=\"fr-FR\">Exposition pour l'architecte Francesca Frendo, Naples (IT)\n<\/span><span lang=\"fr-FR\">\u00ab\u00a0Expression\u00a0\u00bb, galerie Villa Domuse,<\/span><span lang=\"fr-FR\"> Honfleur (14)\n<\/span><span lang=\"fr-FR\">\u00ab\u00a0Les rendez-vous de l'art\u00a0\u00bb, La plaine sur Mer (44)<\/span>\n\n<span lang=\"fr-FR\">2015<\/span>\n\n<span lang=\"fr-FR\">Affordable Art Fair Milan avec Art Platinum (IT)\n<\/span><span lang=\"fr-FR\">Alan Kluckow Fine Art.\n<\/span><span lang=\"fr-FR\">Invit\u00e9e d'honneur exposition Art Basse-Goulaine (44)\n<\/span><span lang=\"fr-FR\">Terre &amp; Flamme, salon de sculpture, Rennes (35)\n<\/span><span lang=\"fr-FR\">Exposition Villa Domuse,<\/span><span lang=\"fr-FR\"> Honfleur (14)\n<\/span><span lang=\"fr-FR\">Exposition priv\u00e9e architecte Francesca Frendo, Naples (IT)\n<\/span><span lang=\"fr-FR\">Exposition \u00ab\u00a0 la rotarienne des Arts\u00a0\u00bb Rotary club Sables d'Olonnes (85)\n<\/span>Galerie l'Art et la mati\u00e8re,Saint-Amand (58)\n\n<span lang=\"fr-FR\">2014<\/span>\n\n<span lang=\"fr-FR\">Maison &amp; Objet, Professional trade show, Paris Nord Villepinte (93)\n<\/span><span lang=\"fr-FR\">Arte'Padova avec la galerie Gall'art Roma (IT)\n<\/span><span lang=\"fr-FR\">Solo exhibition Galerie du duc d'aquitaine , Vouvant (85)<\/span>\n\n2013\n\nMaison &amp; Objet, Professional trade show, Paris Nord Villepinte (93)\nL'art au Carr\u00e9, exhibition\u00a0organised by Galerie Albane, Nantes (44)\n\n2012\n\nSolo exhibition Galerie Regard, Brest (29)\nTout Feu tout flamme, Saint Leu la For\u00eat\nLe fil de l'ile,Nantes (44)\n\n2011\n\nSMAQ, Arts and crafts exhibition of Qu\u00e9bec, Montr\u00e9al (Canada)\nEFFERVESCENCE Vl , The Edward James Foundation, West Sussex (UK)\nSolo exhibition Galerie Albane, Nantes (44)\nORIGIN, The contemporary craft fair, London (UK)\nESCAL'ART, exposition collective, Le Croisic (44)\nCollective\u00a0exhibition Galerie du parlement, Rennes (35)\nPuls'art, Salon d'art contemporain, Le Mans (72)\nCeramic Festival\u00a0Village Mouffetard, Paris V \u00e8me\nCadeaux \u00e0 p'Art, Palais des Congr\u00e8s Le Touquet (62)\nSolo Exhibition Maison de la culture Bouvardi\u00e8re, Saint Herblain (44)\nCollective Exhibition Galerie Regard, Brest (29)\n\n2010\n\nL'art \u00e0 La Pointe, Brest (29) - Laur\u00e9at du concours \u00ab\u00a0Jeunes cr\u00e9ateurs\u00bb\nBiennale des m\u00e9tiers d'art , Carrousel du Louvre Paris\nLaur\u00e9at du concours \u00ab\u00a0Jeunes Talents\u00a0\u00bb\u00a0Salon des m\u00e9tiers d'art \u00e0 \u00a0Nantes (44)\nCadeaux \u00e0 p'Art, Hangar 14 \u00e0 Bordeaux (33)\nExpo individuelle Galerie Albane, Nantes (44)\nCadeaux \u00e0 p'Art, Espace des Blanc Manteaux, Paris\nFestival de c\u00e9ramique du Village Mouffetard, Paris V \u00e8me\nSalon m\u00e9tiers d'art, Saint-Jean-de-Monts (85)\n1er prix du jury Exposition \u00ab Cr\u00e9ateurs en libert\u00e9, Le Croisic (44)\n\"Les amis de l'art\u00a0\", Foire Internationale de Nantes (44)\n\n2009\n\nGalerie Arts pluriels, Nantes.\nLaur\u00e9at stand \u00ab\u00a0coup de pouce\u00a0\u00bb,\u00a0 \u00ab\u00a0L'Autre March\u00e9\u00a0\u00bb, Nantes\nSalon des m\u00e9tiers d'arts de Nantes, espace jeunes cr\u00e9ateurs (44)\nExposition \u00ab\u00a0Femme, Femme, Femme\u00a0\u00bb au Croisic (44)\nLaur\u00e9at du concours de sculpture \u00ab Montmartre \u00e0 Clisson \u00bb (44)<\/pre>\n<\/div>\n<\/div>\n<\/div>\n<\/div>\n<\/div>\n<pre><\/pre>\n<a class=\"synved-social-button synved-social-button-follow synved-social-size-16 synved-social-resolution-single synved-social-provider-facebook nolightbox\" data-provider=\"facebook\" target=\"_blank\" rel=\"nofollow\" title=\"Follow me on facebook\" href=\"https:\/\/www.facebook.com\/melaniebourget.sculpture\" style=\"font-size: 0px;width:16px;height:16px;margin:0;margin-bottom:5px;margin-right:5px\"><img data-recalc-dims=\"1\" loading=\"lazy\" decoding=\"async\" alt=\"Facebook\" title=\"Follow me on facebook\" class=\"synved-share-image synved-social-image synved-social-image-follow\" width=\"16\" height=\"16\" style=\"display: inline;width:16px;height:16px;margin: 0;padding: 0;border: none;box-shadow: none\" src=\"https:\/\/i0.wp.com\/melaniebourget.com\/wordpress\/wp-content\/plugins\/social-media-feather\/synved-social\/image\/social\/regular\/32x32\/facebook.png?resize=16%2C16&#038;ssl=1\" \/><\/a><a class=\"synved-social-button synved-social-button-follow synved-social-size-16 synved-social-resolution-single synved-social-provider-pinterest nolightbox\" data-provider=\"pinterest\" target=\"_blank\" rel=\"nofollow\" title=\"My board on Pinterest\" href=\"https:\/\/www.pinterest.com\/melaniebourget\/\" style=\"font-size: 0px;width:16px;height:16px;margin:0;margin-bottom:5px;margin-right:5px\"><img data-recalc-dims=\"1\" loading=\"lazy\" decoding=\"async\" alt=\"pinterest\" title=\"My board on Pinterest\" class=\"synved-share-image synved-social-image synved-social-image-follow\" width=\"16\" height=\"16\" style=\"display: inline;width:16px;height:16px;margin: 0;padding: 0;border: none;box-shadow: none\" src=\"https:\/\/i0.wp.com\/melaniebourget.com\/wordpress\/wp-content\/plugins\/social-media-feather\/synved-social\/image\/social\/regular\/32x32\/pinterest.png?resize=16%2C16&#038;ssl=1\" \/><\/a><a class=\"synved-social-button synved-social-button-follow synved-social-size-16 synved-social-resolution-single synved-social-provider-tumblr nolightbox\" data-provider=\"tumblr\" target=\"_blank\" rel=\"nofollow\" title=\"Find me on Tumblr\" href=\"http:\/\/melaniebourget.tumblr.com\/\" style=\"font-size: 0px;width:16px;height:16px;margin:0;margin-bottom:5px;margin-right:5px\"><img data-recalc-dims=\"1\" loading=\"lazy\" decoding=\"async\" alt=\"tumblr\" title=\"Find me on Tumblr\" class=\"synved-share-image synved-social-image synved-social-image-follow\" width=\"16\" height=\"16\" style=\"display: inline;width:16px;height:16px;margin: 0;padding: 0;border: none;box-shadow: none\" src=\"https:\/\/i0.wp.com\/melaniebourget.com\/wordpress\/wp-content\/plugins\/social-media-feather\/synved-social\/image\/social\/regular\/32x32\/tumblr.png?resize=16%2C16&#038;ssl=1\" \/><\/a><a class=\"synved-social-button synved-social-button-follow synved-social-size-16 synved-social-resolution-single synved-social-provider-flickr nolightbox\" data-provider=\"flickr\" target=\"_blank\" rel=\"nofollow\" title=\"Check out my Flickr feed\" href=\"https:\/\/www.flickr.com\/photos\/melaniebourget\/\" style=\"font-size: 0px;width:16px;height:16px;margin:0;margin-bottom:5px\"><img data-recalc-dims=\"1\" loading=\"lazy\" decoding=\"async\" alt=\"flickr\" title=\"Check out my Flickr feed\" class=\"synved-share-image synved-social-image synved-social-image-follow\" width=\"16\" height=\"16\" style=\"display: inline;width:16px;height:16px;margin: 0;padding: 0;border: none;box-shadow: none\" src=\"https:\/\/i0.wp.com\/melaniebourget.com\/wordpress\/wp-content\/plugins\/social-media-feather\/synved-social\/image\/social\/regular\/32x32\/flickr.png?resize=16%2C16&#038;ssl=1\" \/><\/a>","protected":false},"excerpt":{"rendered":"<p>M\u00e9lanie Bourget Born in Nantes, France Lives &amp; works in Nantes, FR &#8212;&#8212;&#8212;&#8212;&#8212;&#8212;&#8212;&#8212;&#8212;&#8212;- [&hellip;]<\/p>\n","protected":false},"author":1,"featured_media":0,"parent":0,"menu_order":0,"comment_status":"closed","ping_status":"closed","template":"","meta":{"footnotes":""},"class_list":["post-25","page","type-page","status-publish","hentry"],"jetpack_sharing_enabled":true,"_links":{"self":[{"href":"https:\/\/melaniebourget.com\/wordpress\/wp-json\/wp\/v2\/pages\/25","targetHints":{"allow":["GET"]}}],"collection":[{"href":"https:\/\/melaniebourget.com\/wordpress\/wp-json\/wp\/v2\/pages"}],"about":[{"href":"https:\/\/melaniebourget.com\/wordpress\/wp-json\/wp\/v2\/types\/page"}],"author":[{"embeddable":true,"href":"https:\/\/melaniebourget.com\/wordpress\/wp-json\/wp\/v2\/users\/1"}],"replies":[{"embeddable":true,"href":"https:\/\/melaniebourget.com\/wordpress\/wp-json\/wp\/v2\/comments?post=25"}],"version-history":[{"count":13,"href":"https:\/\/melaniebourget.com\/wordpress\/wp-json\/wp\/v2\/pages\/25\/revisions"}],"predecessor-version":[{"id":594,"href":"https:\/\/melaniebourget.com\/wordpress\/wp-json\/wp\/v2\/pages\/25\/revisions\/594"}],"wp:attachment":[{"href":"https:\/\/melaniebourget.com\/wordpress\/wp-json\/wp\/v2\/media?parent=25"}],"curies":[{"name":"wp","href":"https:\/\/api.w.org\/{rel}","templated":true}]}}